{"id":1997,"date":"2015-08-03T18:46:26","date_gmt":"2015-08-03T18:46:26","guid":{"rendered":"http:\/\/blog.carstensomogyi.de\/?page_id=1997"},"modified":"2015-08-03T18:55:16","modified_gmt":"2015-08-03T18:55:16","slug":"ueber-mich","status":"publish","type":"page","link":"https:\/\/blog.carstensomogyi.de\/?page_id=1997","title":{"rendered":"\u00dcber mich"},"content":{"rendered":"<p style=\"text-align: justify;\">Mein Name ist Carsten Somogyi. Ich wurde 1966 geboren und lebe heute bei M\u00fcnchen. Ich hatte Eltern, die aus \u201eeinfachen\u201c (was ist schon einfach?) Verh\u00e4ltnissen kamen, habe zwei Br\u00fcder und sage, dass ich auf den diversen Stationen meines irdischen Werdeganges sehr, sehr vieles erlebt, gesehen, geh\u00f6rt und selbst erfahren habe.<\/p>\n<p style=\"text-align: justify;\"><a href=\"https:\/\/blog.carstensomogyi.de\/wp-content\/uploads\/2011\/03\/DSC8764.jpg\"><img loading=\"lazy\" decoding=\"async\" class=\" wp-image-1978 size-medium alignleft\" title=\"Carsten Somogyi\" src=\"https:\/\/blog.carstensomogyi.de\/wp-content\/uploads\/2011\/03\/DSC8764-199x300.jpg\" alt=\"\" width=\"199\" height=\"300\" srcset=\"https:\/\/blog.carstensomogyi.de\/wp-content\/uploads\/2011\/03\/DSC8764-199x300.jpg 199w, https:\/\/blog.carstensomogyi.de\/wp-content\/uploads\/2011\/03\/DSC8764-680x1024.jpg 680w\" sizes=\"auto, (max-width: 199px) 100vw, 199px\" \/><\/a>Nun erwarten Sie vielleicht, dass ich Ihnen ausf\u00fchrlich beschreibe, wie mein Vitae aussah. Nat\u00fcrlich gibt es Leute, die sich in den \u201eschillernsten Farben\u201c, mit all\u00b4 Ihren Vorteilen, Auszeichnungen, Qualit\u00e4ten, F\u00e4higkeiten und Talenten der Superlative darstellen, sodass es einer Hommage gleichkommt. Doch werde ich das nicht tun.<\/p>\n<p style=\"text-align: justify;\">Ich hatte auf meinem (Lebens)Weg sowohl viele Erfolge als auch Misserfolge zu verzeichnen. Ich hatte \u201egro\u00dfartige Siege\u201c davongetragen und \u201ebittere Niederlagen\u201c einstecken m\u00fcssen. Ich war verheiratet und wei\u00df in vielen Belangen, was es hei\u00dft, sich scheiden zu lassen. Man konnte in der Zeitung von mir lesen und es gab auch Zeiten, da kein Mensch etwas von mir wissen wollte. Ich habe viele schnelle Autos gefahren und kenne es, auf \u00f6ffentliche Verkehrsmittel angewiesen zu sein. Als Sportler gewohnt, mit eiserner Disziplin, Ausdauer und dem n\u00f6tigen Flei\u00df ein Ziel zu verfolgen, habe ich auch erfahren, was es hei\u00dft, den Preis daf\u00fcr bezahlen zu m\u00fcssen. Gewinne und Verluste, Freuden und Szenarien des Leids sind durch mein Leben gefahren wie \u201estrahlende\u201c Gesundheit, k\u00f6rperliche und mentale Fittness aber auch ein selbst zu verantwortender Burn- Out, der in eine Depression m\u00fcndete.<\/p>\n<p style=\"text-align: justify;\">Durch eine sehr autorit\u00e4re Erziehung meines Vaters und dem Lebensabschnitt meiner sp\u00e4teren, milit\u00e4rischen Laufbahn, wei\u00df ich, was Gehorsam und \u201eH\u00e4rte\u201c noch bedeuten k\u00f6nnen. Ich habe das Singleleben genauso wie das Zusammenleben in allen Facetten einer Beziehung erfahren. Auch habe ich in meinem Leben das sch\u00f6ne Gef\u00fchl kennengelernt, was es hei\u00dft, sich wirtschaftlich etwas \u201eleisten\u201c zu k\u00f6nnen, aber auch nicht zu wissen, wie ich die Miete bezahlen soll. Ich war (subjektiv betrachtet) sehr erfolgreich als Gesch\u00e4ftsf\u00fchrer und hatte Funktionen als verantwortliche F\u00fchrungskraft in bedeutenden Unternehmen doch auch erlebt, arbeitslos zu sein.<\/p>\n<p style=\"text-align: justify;\">Auch wei\u00df ich, was es hei\u00dft, in unserem \u201evirulenten\u201c System mit allen Vor- und Nachteilen mittlerweile seit 1995 selbst\u00e4ndig zu sein. Gef\u00fchle von Druck, Sorgen, Verzweiflung und \u00c4ngste sind mir genauso bekannt, wie die Gef\u00fchle der frenetischen Begeisterung und pers\u00f6nlichen Freiheiten. Ich verschenke gerne individuelle Dinge, die ein Symbol des Erhellens in sich tragen und mag heute noch keine Menschen, die Contre Coeur handeln.<\/p>\n<p style=\"text-align: justify;\">Jeden Tag meines Lebens studiere und lerne ich des Menschen Geist, seine Motive, seine Taten sowie sein Verlangen. Zu meinen \u201eLeidenschaften\u201c geh\u00f6ren ein sehr guter Rotwein, Philosophie, Kaminfeuer, Literatur sowie bester Freund und \u201eLehrer\u201c, mein Hund Rocco. Zur jetzigen Zeit lebe ich in einer edukativen Partnerschaft, die ebenfalls mit allen \u201eH\u00f6hen und Tiefen\u201c gekennzeichnet war.<\/p>\n<p style=\"text-align: justify;\">In der Retrospektive meines Lebens, erkenne ich zunehmend die Signifikanz der Polarit\u00e4t in unserem Leben. Ich wurde mir im Laufe meines eigenen \u201eWerdungsProzesses&#8220; dar\u00fcber im Klaren, wie elementar die gezielte (Ab)Lenkung von unserem Selbst ist und bei sehr vielen Menschen nachhaltig wirkt.<\/p>\n<p style=\"text-align: justify;\">Zu den mittlerweile profunden Erfahrungen und Kenntnissen im Einzelcoaching (heterogenes Umfeld) und Seminaren kamen mehrere Ausbildungen im Profiling, Verhaltenspsychologie, Individual- und Mentaltraining, Pers\u00f6nlichkeitstraining, kognitive Verhaltenstherapie sowie die ganzheitliche Symptombehandlung dazu.<\/p>\n<p style=\"text-align: justify;\"><span class=\"xr_s10\"><span class=\"xr_tl\">Das Coaching verstehe ich im Wesentlichen als Begleitung bei dem Prozess zur inneren <\/span> <span class=\"xr_tl\">Freiheit, Selbstwert, Selbstvertrauen, Selbstbestimmung und letztlich zur Ganzwerdung als <\/span> <span class=\"xr_tl\">Mensch. Ich arbeite v\u00f6llig unabh\u00e4ngig und geh\u00f6re weder einer Partei noch einer religi\u00f6sen <\/span> <span class=\"xr_tl\">oder spirituellen Gruppierung, noch irgendeiner sonstigen Institution an.<\/span><\/span><\/p>\n<p style=\"text-align: justify;\"><span class=\"xr_s10\" style=\"color: #993300;\"><span class=\"xr_tl xr_s11\">Mein h\u00f6chstes Ziel ist es, meiner eigenen Existenz einen Sinn gegeben zu haben, wenn <\/span> <span class=\"xr_tl xr_s11\">irgendwann meine Lebensuhr abgelaufen ist. Es soll sowohl f\u00fcr meine Mitmenschen als auch <\/span> <span class=\"xr_tl xr_s12\"><span class=\"xr_s11\">f\u00fcr diese Erde <\/span><span class=\"xr_s11\">eine Bereicherung gewesen sein, <\/span><span class=\"xr_s11\">dass es mich gegeben hat.<\/span><\/span><\/span><\/p>\n","protected":false},"excerpt":{"rendered":"<p>Mein Name ist Carsten Somogyi. Ich wurde 1966 geboren und lebe heute bei M\u00fcnchen. Ich hatte Eltern, die aus \u201eeinfachen\u201c (was ist schon einfach?) Verh\u00e4ltnissen kamen, habe zwei Br\u00fcder und sage, dass ich auf den diversen Stationen meines irdischen Werdeganges &hellip; <a href=\"https:\/\/blog.carstensomogyi.de\/?page_id=1997\">Weiterlesen <span class=\"meta-nav\">&rarr;<\/span><\/a><\/p>\n","protected":false},"author":2,"featured_media":0,"parent":0,"menu_order":0,"comment_status":"open","ping_status":"open","template":"","meta":{"_bbp_topic_count":0,"_bbp_reply_count":0,"_bbp_total_topic_count":0,"_bbp_total_reply_count":0,"_bbp_voice_count":0,"_bbp_anonymous_reply_count":0,"_bbp_topic_count_hidden":0,"_bbp_reply_count_hidden":0,"_bbp_forum_subforum_count":0,"jetpack_post_was_ever_published":false,"footnotes":""},"class_list":["post-1997","page","type-page","status-publish","hentry"],"jetpack_shortlink":"https:\/\/wp.me\/P4wxWN-wd","jetpack_sharing_enabled":true,"_links":{"self":[{"href":"https:\/\/blog.carstensomogyi.de\/index.php?rest_route=\/wp\/v2\/pages\/1997","targetHints":{"allow":["GET"]}}],"collection":[{"href":"https:\/\/blog.carstensomogyi.de\/index.php?rest_route=\/wp\/v2\/pages"}],"about":[{"href":"https:\/\/blog.carstensomogyi.de\/index.php?rest_route=\/wp\/v2\/types\/page"}],"author":[{"embeddable":true,"href":"https:\/\/blog.carstensomogyi.de\/index.php?rest_route=\/wp\/v2\/users\/2"}],"replies":[{"embeddable":true,"href":"https:\/\/blog.carstensomogyi.de\/index.php?rest_route=%2Fwp%2Fv2%2Fcomments&post=1997"}],"version-history":[{"count":4,"href":"https:\/\/blog.carstensomogyi.de\/index.php?rest_route=\/wp\/v2\/pages\/1997\/revisions"}],"predecessor-version":[{"id":2003,"href":"https:\/\/blog.carstensomogyi.de\/index.php?rest_route=\/wp\/v2\/pages\/1997\/revisions\/2003"}],"wp:attachment":[{"href":"https:\/\/blog.carstensomogyi.de\/index.php?rest_route=%2Fwp%2Fv2%2Fmedia&parent=1997"}],"curies":[{"name":"wp","href":"https:\/\/api.w.org\/{rel}","templated":true}]}}